{"id":2616,"date":"2024-12-04T19:58:47","date_gmt":"2024-12-04T18:58:47","guid":{"rendered":"https:\/\/dumdumcee.com\/?page_id=2616"},"modified":"2024-12-04T19:58:47","modified_gmt":"2024-12-04T18:58:47","slug":"aviso-legal","status":"publish","type":"page","link":"https:\/\/dumdumcee.com\/en\/aviso-legal\/","title":{"rendered":"Aviso Legal"},"content":{"rendered":"<div class=\"fusion-fullwidth fullwidth-box fusion-builder-row-1 fusion-flex-container has-pattern-background has-mask-background nonhundred-percent-fullwidth non-hundred-percent-height-scrolling\" style=\"--awb-border-radius-top-left:0px;--awb-border-radius-top-right:0px;--awb-border-radius-bottom-right:0px;--awb-border-radius-bottom-left:0px;--awb-flex-wrap:wrap;\" ><div class=\"fusion-builder-row fusion-row fusion-flex-align-items-flex-start fusion-flex-content-wrap\" style=\"max-width:1419.6px;margin-left: calc(-4% \/ 2 );margin-right: calc(-4% \/ 2 );\"><div class=\"fusion-layout-column fusion_builder_column fusion-builder-column-0 fusion_builder_column_1_1 1_1 fusion-flex-column\" style=\"--awb-bg-size:cover;--awb-width-large:100%;--awb-margin-top-large:0px;--awb-spacing-right-large:1.92%;--awb-margin-bottom-large:20px;--awb-spacing-left-large:1.92%;--awb-width-medium:100%;--awb-order-medium:0;--awb-spacing-right-medium:1.92%;--awb-spacing-left-medium:1.92%;--awb-width-small:100%;--awb-order-small:0;--awb-spacing-right-small:1.92%;--awb-spacing-left-small:1.92%;\"><div class=\"fusion-column-wrapper fusion-column-has-shadow fusion-flex-justify-content-flex-start fusion-content-layout-column\"><div class=\"fusion-text fusion-text-1\"><p><strong>Informaci\u00f3n General<\/strong><\/p>\n<p>El titular de este sitio web es NOELIA TRABA ANDUJAR, con NIF 79335434Q y domicilio sito en Avda. Fernando Blanco, 16. 15270 &#8211; Cee (A Coru\u00f1a)<\/p>\n<p>Con \u00e1nimo de que el uso del Sitio Web se ajuste a criterios de transparencia, claridad y sencillez, NOELIA TRABA ANDUJAR. informa al usuario que cualquier sugerencia, duda o consulta sobre el presente Aviso Legal o cualquier otro documento informativo del sitio web ser\u00e1 recibida y solucionada contactando con NOELIA TRABA ANDUJAR, a trav\u00e9s de la direcci\u00f3n de correo electr\u00f3nica: info@dumdumcee.com<\/p>\n<p><strong>Propiedad Intelectual<\/strong><\/p>\n<p>Todos los contenidos que se muestran en el presente sitio web, y en especial dise\u00f1os, textos, im\u00e1genes, logos, iconos, nombres comerciales, marcas o cualquier otra informaci\u00f3n susceptible de utilizaci\u00f3n industrial y\/o comercial est\u00e1n protegidos por los correspondientes derechos de autor, no permitiendo su reproducci\u00f3n, transmisi\u00f3n o registro de informaci\u00f3n salvo autorizaci\u00f3n previa del titular, NOELIA TRABA ANDUJAR. No obstante, el usuario podr\u00e1 utilizar informaci\u00f3n facilitada para gestionar su pedido y los datos de contacto correspondientes.<\/p>\n<p><strong>Enlaces<\/strong><\/p>\n<p>NOELIA TRABA ANDUJAR, no asume ninguna responsabilidad sobre los enlaces hac\u00eda otros sitios o p\u00e1ginas web que, en su caso, pudieran incluirse en el mismo, ya que no tiene ning\u00fan tipo de control sobre los mismos, por lo que el usuario accede bajo su exclusiva responsabilidad al contenido y en las condiciones de uso que rijan en los mismos.<\/p>\n<\/div><\/div><\/div><\/div><\/div>","protected":false},"excerpt":{"rendered":"","protected":false},"author":1,"featured_media":0,"parent":0,"menu_order":0,"comment_status":"closed","ping_status":"closed","template":"100-width.php","meta":{"footnotes":""},"class_list":["post-2616","page","type-page","status-publish","hentry"],"yoast_head":"<!-- This site is optimized with the Yoast SEO plugin v24.0 - https:\/\/yoast.com\/wordpress\/plugins\/seo\/ -->\n<title>Aviso Legal | Dum Dum<\/title>\n<meta name=\"robots\" content=\"noindex, follow\" \/>\n<meta property=\"og:locale\" content=\"en_GB\" \/>\n<meta property=\"og:type\" content=\"article\" \/>\n<meta property=\"og:title\" content=\"Aviso Legal | Dum Dum\" \/>\n<meta property=\"og:url\" content=\"https:\/\/dumdumcee.com\/en\/aviso-legal\/\" \/>\n<meta property=\"og:site_name\" content=\"Dum Dum\" \/>\n<meta property=\"article:publisher\" content=\"https:\/\/www.facebook.com\/p\/Dum-Dum-Mode-Infantil-100081081856409\/\" \/>\n<meta property=\"og:image\" content=\"https:\/\/dumdumcee.com\/wp-content\/uploads\/2024\/12\/dum-dum-moda-infantil-cee.jpg\" \/>\n\t<meta property=\"og:image:width\" content=\"1200\" \/>\n\t<meta property=\"og:image:height\" content=\"675\" \/>\n\t<meta property=\"og:image:type\" content=\"image\/jpeg\" \/>\n<meta name=\"twitter:card\" content=\"summary_large_image\" \/>\n<meta name=\"twitter:label1\" content=\"Estimated reading time\" \/>\n\t<meta name=\"twitter:data1\" content=\"2 minutes\" \/>\n<script type=\"application\/ld+json\" class=\"yoast-schema-graph\">{\"@context\":\"https:\/\/schema.org\",\"@graph\":[{\"@type\":\"WebPage\",\"@id\":\"https:\/\/dumdumcee.com\/aviso-legal\/\",\"url\":\"https:\/\/dumdumcee.com\/aviso-legal\/\",\"name\":\"Aviso Legal | Dum Dum\",\"isPartOf\":{\"@id\":\"https:\/\/dumdumcee.com\/#website\"},\"datePublished\":\"2024-12-04T18:58:47+00:00\",\"dateModified\":\"2024-12-04T18:58:47+00:00\",\"breadcrumb\":{\"@id\":\"https:\/\/dumdumcee.com\/aviso-legal\/#breadcrumb\"},\"inLanguage\":\"en-GB\",\"potentialAction\":[{\"@type\":\"ReadAction\",\"target\":[\"https:\/\/dumdumcee.com\/aviso-legal\/\"]}]},{\"@type\":\"BreadcrumbList\",\"@id\":\"https:\/\/dumdumcee.com\/aviso-legal\/#breadcrumb\",\"itemListElement\":[{\"@type\":\"ListItem\",\"position\":1,\"name\":\"Portada\",\"item\":\"https:\/\/dumdumcee.com\/\"},{\"@type\":\"ListItem\",\"position\":2,\"name\":\"Aviso Legal\"}]},{\"@type\":\"WebSite\",\"@id\":\"https:\/\/dumdumcee.com\/#website\",\"url\":\"https:\/\/dumdumcee.com\/\",\"name\":\"Dum Dum\",\"description\":\"Moda Infantil en Cee, A Coru\u00f1a\",\"publisher\":{\"@id\":\"https:\/\/dumdumcee.com\/#organization\"},\"alternateName\":\"Dum Dum\",\"potentialAction\":[{\"@type\":\"SearchAction\",\"target\":{\"@type\":\"EntryPoint\",\"urlTemplate\":\"https:\/\/dumdumcee.com\/?s={search_term_string}\"},\"query-input\":{\"@type\":\"PropertyValueSpecification\",\"valueRequired\":true,\"valueName\":\"search_term_string\"}}],\"inLanguage\":\"en-GB\"},{\"@type\":\"Organization\",\"@id\":\"https:\/\/dumdumcee.com\/#organization\",\"name\":\"Dum Dum Cee\",\"url\":\"https:\/\/dumdumcee.com\/\",\"logo\":{\"@type\":\"ImageObject\",\"inLanguage\":\"en-GB\",\"@id\":\"https:\/\/dumdumcee.com\/#\/schema\/logo\/image\/\",\"url\":\"https:\/\/dumdumcee.com\/wp-content\/uploads\/2024\/10\/logo.jpg\",\"contentUrl\":\"https:\/\/dumdumcee.com\/wp-content\/uploads\/2024\/10\/logo.jpg\",\"width\":640,\"height\":640,\"caption\":\"Dum Dum Cee\"},\"image\":{\"@id\":\"https:\/\/dumdumcee.com\/#\/schema\/logo\/image\/\"},\"sameAs\":[\"https:\/\/www.facebook.com\/p\/Dum-Dum-Mode-Infantil-100081081856409\/\",\"https:\/\/www.instagram.com\/dumdummoda\/\"]}]}<\/script>\n<!-- \/ Yoast SEO plugin. -->","yoast_head_json":{"title":"Aviso Legal | Dum Dum","robots":{"index":"noindex","follow":"follow"},"og_locale":"en_GB","og_type":"article","og_title":"Aviso Legal | Dum Dum","og_url":"https:\/\/dumdumcee.com\/en\/aviso-legal\/","og_site_name":"Dum Dum","article_publisher":"https:\/\/www.facebook.com\/p\/Dum-Dum-Mode-Infantil-100081081856409\/","og_image":[{"width":1200,"height":675,"url":"https:\/\/dumdumcee.com\/wp-content\/uploads\/2024\/12\/dum-dum-moda-infantil-cee.jpg","type":"image\/jpeg"}],"twitter_card":"summary_large_image","twitter_misc":{"Estimated reading time":"2 minutes"},"schema":{"@context":"https:\/\/schema.org","@graph":[{"@type":"WebPage","@id":"https:\/\/dumdumcee.com\/aviso-legal\/","url":"https:\/\/dumdumcee.com\/aviso-legal\/","name":"Aviso Legal | Dum Dum","isPartOf":{"@id":"https:\/\/dumdumcee.com\/#website"},"datePublished":"2024-12-04T18:58:47+00:00","dateModified":"2024-12-04T18:58:47+00:00","breadcrumb":{"@id":"https:\/\/dumdumcee.com\/aviso-legal\/#breadcrumb"},"inLanguage":"en-GB","potentialAction":[{"@type":"ReadAction","target":["https:\/\/dumdumcee.com\/aviso-legal\/"]}]},{"@type":"BreadcrumbList","@id":"https:\/\/dumdumcee.com\/aviso-legal\/#breadcrumb","itemListElement":[{"@type":"ListItem","position":1,"name":"Portada","item":"https:\/\/dumdumcee.com\/"},{"@type":"ListItem","position":2,"name":"Aviso Legal"}]},{"@type":"WebSite","@id":"https:\/\/dumdumcee.com\/#website","url":"https:\/\/dumdumcee.com\/","name":"Dum Dum","description":"Moda Infantil en Cee, A Coru\u00f1a","publisher":{"@id":"https:\/\/dumdumcee.com\/#organization"},"alternateName":"Dum Dum","potentialAction":[{"@type":"SearchAction","target":{"@type":"EntryPoint","urlTemplate":"https:\/\/dumdumcee.com\/?s={search_term_string}"},"query-input":{"@type":"PropertyValueSpecification","valueRequired":true,"valueName":"search_term_string"}}],"inLanguage":"en-GB"},{"@type":"Organization","@id":"https:\/\/dumdumcee.com\/#organization","name":"Dum Dum Cee","url":"https:\/\/dumdumcee.com\/","logo":{"@type":"ImageObject","inLanguage":"en-GB","@id":"https:\/\/dumdumcee.com\/#\/schema\/logo\/image\/","url":"https:\/\/dumdumcee.com\/wp-content\/uploads\/2024\/10\/logo.jpg","contentUrl":"https:\/\/dumdumcee.com\/wp-content\/uploads\/2024\/10\/logo.jpg","width":640,"height":640,"caption":"Dum Dum Cee"},"image":{"@id":"https:\/\/dumdumcee.com\/#\/schema\/logo\/image\/"},"sameAs":["https:\/\/www.facebook.com\/p\/Dum-Dum-Mode-Infantil-100081081856409\/","https:\/\/www.instagram.com\/dumdummoda\/"]}]}},"_links":{"self":[{"href":"https:\/\/dumdumcee.com\/en\/wp-json\/wp\/v2\/pages\/2616","targetHints":{"allow":["GET"]}}],"collection":[{"href":"https:\/\/dumdumcee.com\/en\/wp-json\/wp\/v2\/pages"}],"about":[{"href":"https:\/\/dumdumcee.com\/en\/wp-json\/wp\/v2\/types\/page"}],"author":[{"embeddable":true,"href":"https:\/\/dumdumcee.com\/en\/wp-json\/wp\/v2\/users\/1"}],"replies":[{"embeddable":true,"href":"https:\/\/dumdumcee.com\/en\/wp-json\/wp\/v2\/comments?post=2616"}],"version-history":[{"count":1,"href":"https:\/\/dumdumcee.com\/en\/wp-json\/wp\/v2\/pages\/2616\/revisions"}],"predecessor-version":[{"id":2617,"href":"https:\/\/dumdumcee.com\/en\/wp-json\/wp\/v2\/pages\/2616\/revisions\/2617"}],"wp:attachment":[{"href":"https:\/\/dumdumcee.com\/en\/wp-json\/wp\/v2\/media?parent=2616"}],"curies":[{"name":"wp","href":"https:\/\/api.w.org\/{rel}","templated":true}]}}