{"id":412,"date":"2024-11-13T18:28:34","date_gmt":"2024-11-13T17:28:34","guid":{"rendered":"https:\/\/dumdumcee.com\/?page_id=412"},"modified":"2025-01-08T10:52:57","modified_gmt":"2025-01-08T09:52:57","slug":"nosotros","status":"publish","type":"page","link":"https:\/\/dumdumcee.com\/en\/nosotros\/","title":{"rendered":"Nosotros"},"content":{"rendered":"<p><div class=\"fusion-fullwidth fullwidth-box fusion-builder-row-1 fusion-flex-container nonhundred-percent-fullwidth non-hundred-percent-height-scrolling\" style=\"--awb-border-radius-top-left:0px;--awb-border-radius-top-right:0px;--awb-border-radius-bottom-right:0px;--awb-border-radius-bottom-left:0px;--awb-margin-bottom:90px;--awb-flex-wrap:wrap;\" ><div class=\"fusion-builder-row fusion-row fusion-flex-align-items-flex-start fusion-flex-content-wrap\" style=\"max-width:1419.6px;margin-left: calc(-4% \/ 2 );margin-right: calc(-4% \/ 2 );\"><div class=\"fusion-layout-column fusion_builder_column fusion-builder-column-0 fusion_builder_column_1_3 1_3 fusion-flex-column fusion-animated\" style=\"--awb-bg-size:cover;--awb-width-large:33.333333333333%;--awb-margin-top-large:0px;--awb-spacing-right-large:7.68%;--awb-margin-bottom-large:20px;--awb-spacing-left-large:5.76%;--awb-width-medium:33.333333333333%;--awb-spacing-right-medium:7.68%;--awb-spacing-left-medium:5.76%;--awb-width-small:100%;--awb-spacing-right-small:1.92%;--awb-spacing-left-small:1.92%;\" data-animationtype=\"fadeInUp\" data-animationduration=\"0.8\" data-animationoffset=\"top-into-view\"><div class=\"fusion-column-wrapper fusion-column-has-shadow fusion-flex-justify-content-flex-start fusion-content-layout-column\"><div class=\"fusion-image-element\" style=\"--awb-caption-title-font-family:var(--h2_typography-font-family);--awb-caption-title-font-weight:var(--h2_typography-font-weight);--awb-caption-title-font-style:var(--h2_typography-font-style);--awb-caption-title-size:var(--h2_typography-font-size);--awb-caption-title-transform:var(--h2_typography-text-transform);--awb-caption-title-line-height:var(--h2_typography-line-height);--awb-caption-title-letter-spacing:var(--h2_typography-letter-spacing);\"><span class=\"fusion-imageframe imageframe-none imageframe-1 hover-type-none\"><img decoding=\"async\" width=\"854\" height=\"1180\" alt=\"Tienda de ropa para ni\u00f1os peque\u00f1os en Cee\" title=\"tienda-ropa-ninos-pequenos-cee\" src=\"https:\/\/dumdumcee.com\/wp-content\/uploads\/tienda-ropa-ninos-pequenos-cee.jpg\" data-orig-src=\"https:\/\/dumdumcee.com\/wp-content\/uploads\/tienda-ropa-ninos-pequenos-cee.jpg\" class=\"lazyload img-responsive wp-image-2673\" srcset=\"data:image\/svg+xml,%3Csvg%20xmlns%3D%27http%3A%2F%2Fwww.w3.org%2F2000%2Fsvg%27%20width%3D%27854%27%20height%3D%271180%27%20viewBox%3D%270%200%20854%201180%27%3E%3Crect%20width%3D%27854%27%20height%3D%271180%27%20fill-opacity%3D%220%22%2F%3E%3C%2Fsvg%3E\" data-srcset=\"https:\/\/dumdumcee.com\/wp-content\/uploads\/tienda-ropa-ninos-pequenos-cee-200x276.jpg 200w, https:\/\/dumdumcee.com\/wp-content\/uploads\/tienda-ropa-ninos-pequenos-cee-400x553.jpg 400w, https:\/\/dumdumcee.com\/wp-content\/uploads\/tienda-ropa-ninos-pequenos-cee-600x829.jpg 600w, https:\/\/dumdumcee.com\/wp-content\/uploads\/tienda-ropa-ninos-pequenos-cee-800x1105.jpg 800w, https:\/\/dumdumcee.com\/wp-content\/uploads\/tienda-ropa-ninos-pequenos-cee.jpg 854w\" data-sizes=\"auto\" data-orig-sizes=\"(max-width: 880px) 100vw, 600px\" \/><\/span><\/div><\/div><\/div><div class=\"fusion-layout-column fusion_builder_column fusion-builder-column-1 fusion_builder_column_2_3 2_3 fusion-flex-column fusion-animated\" style=\"--awb-bg-size:cover;--awb-width-large:66.666666666667%;--awb-margin-top-large:0px;--awb-spacing-right-large:2.88%;--awb-margin-bottom-large:20px;--awb-spacing-left-large:7.68%;--awb-width-medium:66.666666666667%;--awb-spacing-right-medium:2.88%;--awb-spacing-left-medium:7.68%;--awb-width-small:100%;--awb-spacing-right-small:1.92%;--awb-spacing-left-small:1.92%;\" data-animationtype=\"fadeInUp\" data-animationduration=\"1.0\" data-animationoffset=\"top-into-view\"><div class=\"fusion-column-wrapper fusion-column-has-shadow fusion-flex-justify-content-flex-start fusion-content-layout-column\"><div class=\"fusion-title title fusion-title-1 fusion-sep-none fusion-title-text fusion-title-size-two\" style=\"--awb-text-color:var(--awb-color6);--awb-margin-bottom:5%;\"><h2 class=\"fusion-title-heading title-heading-left fusion-responsive-typography-calculated\" style=\"margin:0;--fontSize:34;line-height:var(--awb-typography1-line-height);\">Somos apasionados de la moda infantil, para ni\u00f1os y ni\u00f1as.<\/h2><\/div><div class=\"fusion-separator fusion-no-large-visibility fusion-full-width-sep\" style=\"align-self: center;margin-left: auto;margin-right: auto;margin-bottom:3%;width:100%;\"><\/div><div class=\"fusion-text fusion-text-1 awb-text-cols fusion-text-columns-2\" style=\"--awb-columns:2;--awb-column-spacing:9%;--awb-column-min-width:250px;\"><p style=\"text-align: justify;\">En Dum Dum, estamos especializados en asesoramiento y venta de moda infantil en la localidad de Cee, ubicada en plena Costa da Morte.<\/p>\n<p style=\"text-align: justify;\">Disponemos de una amplia variedad de conjuntos para vestir a los m\u00e1s peque\u00f1os de la casa, bas\u00e1ndonos siempre en nuestra amplia experiencia y seleccionando cuidadosamente las prendas que van a vestir tus hijos, sobrinos&#8230;<\/p>\n<p style=\"text-align: justify;\">En nuestra p\u00e1gina web, podr\u00e1s explorar una gran selecci\u00f3n de ropa entre los que se incluyen vestidos, ch\u00e1ndales, elegantes camisas, chaquetas de invierno, prendas de verano y un largo cat\u00e1logo de ropa que se adaptan a cada estaci\u00f3n del a\u00f1o.<\/p>\n<p style=\"text-align: justify;\">Te ayudamos a elegir los atuendos mejor valorados para todo tipo de momentos; para ir al parque infantil, para ir al colegio, para ir a un evento especial&#8230; Nos esforzamos para que tus ni\u00f1os se sientan bien.<\/p>\n<\/div><div class=\"fusion-separator fusion-full-width-sep\" style=\"align-self: center;margin-left: auto;margin-right: auto;margin-bottom:3%;width:100%;\"><\/div><\/div><\/div><\/div><\/div><div class=\"fusion-fullwidth fullwidth-box fusion-builder-row-2 fusion-flex-container fusion-parallax-fixed hundred-percent-fullwidth non-hundred-percent-height-scrolling lazyload\" style=\"--awb-border-radius-top-left:0px;--awb-border-radius-top-right:0px;--awb-border-radius-bottom-right:0px;--awb-border-radius-bottom-left:0px;--awb-padding-top:160px;--awb-padding-right:60px;--awb-padding-bottom:160px;--awb-padding-left:60px;--awb-margin-bottom:0px;--awb-background-image:linear-gradient(180deg, hsla(var(--awb-color8-h),var(--awb-color8-s),var(--awb-color8-l),calc( var(--awb-color8-a) - 88% )) 0%,hsla(var(--awb-color8-h),var(--awb-color8-s),var(--awb-color8-l),calc( var(--awb-color8-a) - 60% )) 100%);;--awb-background-size:cover;--awb-flex-wrap:wrap;background-attachment:fixed;\" data-bg=\"https:\/\/dumdumcee.com\/wp-content\/uploads\/contacto.jpg\" data-bg-gradient=\"linear-gradient(180deg, hsla(var(--awb-color8-h),var(--awb-color8-s),var(--awb-color8-l),calc( var(--awb-color8-a) - 88% )) 0%,hsla(var(--awb-color8-h),var(--awb-color8-s),var(--awb-color8-l),calc( var(--awb-color8-a) - 60% )) 100%)\" ><div class=\"fusion-builder-row fusion-row fusion-flex-align-items-flex-start fusion-flex-content-wrap\" style=\"width:calc( 100% + 0px ) !important;max-width:calc( 100% + 0px ) !important;margin-left: calc(-0px \/ 2 );margin-right: calc(-0px \/ 2 );\"><div class=\"fusion-layout-column fusion_builder_column fusion-builder-column-2 fusion_builder_column_1_1 1_1 fusion-flex-column fusion-animated\" style=\"--awb-bg-size:cover;--awb-width-large:100%;--awb-margin-top-large:0px;--awb-spacing-right-large:0px;--awb-margin-bottom-large:0px;--awb-spacing-left-large:0px;--awb-width-medium:100%;--awb-spacing-right-medium:0px;--awb-spacing-left-medium:0px;--awb-width-small:100%;--awb-spacing-right-small:0px;--awb-spacing-left-small:0px;\" data-animationtype=\"fadeIn\" data-animationduration=\"1.0\" data-animationoffset=\"top-into-view\"><div class=\"fusion-column-wrapper fusion-column-has-shadow fusion-flex-justify-content-flex-start fusion-content-layout-column\"><div class=\"fusion-title title fusion-title-2 fusion-sep-none fusion-title-center fusion-title-text fusion-title-size-div\" style=\"--awb-text-color:var(--awb-color1);--awb-margin-bottom:0px;--awb-font-size:var(--awb-typography2-font-size);\"><div class=\"fusion-title-heading title-heading-center title-heading-tag fusion-responsive-typography-calculated\" style=\"font-family:var(--awb-typography2-font-family);font-weight:var(--awb-typography2-font-weight);font-style:var(--awb-typography2-font-style);margin:0;font-size:1em;letter-spacing:var(--awb-typography2-letter-spacing);text-transform:uppercase;--fontSize:14;line-height:var(--awb-typography2-line-height);\">Gran variedad de prendas infantiles<\/div><\/div><div class=\"fusion-title title fusion-title-3 fusion-sep-none fusion-title-center fusion-title-text fusion-title-size-two\" style=\"--awb-text-color:var(--awb-color1);--awb-margin-top:0px;--awb-margin-bottom:40px;--awb-margin-bottom-small:25px;--awb-font-size:50px;\"><h2 class=\"fusion-title-heading title-heading-center fusion-responsive-typography-calculated\" style=\"margin:0;font-size:1em;--fontSize:50;line-height:var(--awb-typography1-line-height);\">Venta online de ropa para ni\u00f1os<\/h2><\/div><div style=\"text-align:center;\"><a class=\"fusion-button button-flat button-large button-default fusion-button-default button-1 fusion-button-default-span fusion-button-default-type\" target=\"_self\" href=\"https:\/\/dumdumcee.com\/en\/tienda\/\"><span class=\"fusion-button-text\">Visita nuestro cat\u00e1logo online<\/span><\/a><\/div><\/div><\/div><\/div><\/div><\/p>","protected":false},"excerpt":{"rendered":"","protected":false},"author":1,"featured_media":2651,"parent":0,"menu_order":0,"comment_status":"closed","ping_status":"closed","template":"100-width.php","meta":{"footnotes":""},"class_list":["post-412","page","type-page","status-publish","has-post-thumbnail","hentry"],"yoast_head":"<!-- This site is optimized with the Yoast SEO plugin v24.0 - https:\/\/yoast.com\/wordpress\/plugins\/seo\/ -->\n<title>\u00bfQui\u00e9nes Somos? | Dum Dum | Tienda de Ropa Infantil en Cee, A Coru\u00f1a<\/title>\n<meta name=\"description\" content=\"Te ofrecemos un trato especial y personalizado. Somos apasionados de la moda infantil, para ni\u00f1os y ni\u00f1as.\" \/>\n<meta name=\"robots\" content=\"index, follow, max-snippet:-1, max-image-preview:large, max-video-preview:-1\" \/>\n<link rel=\"canonical\" href=\"https:\/\/dumdumcee.com\/en\/nosotros\/\" \/>\n<meta property=\"og:locale\" content=\"en_GB\" \/>\n<meta property=\"og:type\" content=\"article\" \/>\n<meta property=\"og:title\" content=\"\u00bfQui\u00e9nes Somos? | Dum Dum | Tienda de Ropa Infantil en Cee, A Coru\u00f1a\" \/>\n<meta property=\"og:description\" content=\"Te ofrecemos un trato especial y personalizado. Somos apasionados de la moda infantil, para ni\u00f1os y ni\u00f1as.\" \/>\n<meta property=\"og:url\" content=\"https:\/\/dumdumcee.com\/en\/nosotros\/\" \/>\n<meta property=\"og:site_name\" content=\"Dum Dum\" \/>\n<meta property=\"article:publisher\" content=\"https:\/\/www.facebook.com\/p\/Dum-Dum-Mode-Infantil-100081081856409\/\" \/>\n<meta property=\"article:modified_time\" content=\"2025-01-08T09:52:57+00:00\" \/>\n<meta property=\"og:image\" content=\"https:\/\/dumdumcee.com\/wp-content\/uploads\/nosotros-1024x452.jpg\" \/>\n\t<meta property=\"og:image:width\" content=\"1024\" \/>\n\t<meta property=\"og:image:height\" content=\"452\" \/>\n\t<meta property=\"og:image:type\" content=\"image\/jpeg\" \/>\n<meta name=\"twitter:card\" content=\"summary_large_image\" \/>\n<meta name=\"twitter:label1\" content=\"Estimated reading time\" \/>\n\t<meta name=\"twitter:data1\" content=\"6 minutes\" \/>\n<script type=\"application\/ld+json\" class=\"yoast-schema-graph\">{\"@context\":\"https:\/\/schema.org\",\"@graph\":[{\"@type\":\"WebPage\",\"@id\":\"https:\/\/dumdumcee.com\/nosotros\/\",\"url\":\"https:\/\/dumdumcee.com\/nosotros\/\",\"name\":\"\u00bfQui\u00e9nes Somos? | Dum Dum | Tienda de Ropa Infantil en Cee, A Coru\u00f1a\",\"isPartOf\":{\"@id\":\"https:\/\/dumdumcee.com\/#website\"},\"primaryImageOfPage\":{\"@id\":\"https:\/\/dumdumcee.com\/nosotros\/#primaryimage\"},\"image\":{\"@id\":\"https:\/\/dumdumcee.com\/nosotros\/#primaryimage\"},\"thumbnailUrl\":\"https:\/\/dumdumcee.com\/wp-content\/uploads\/nosotros.jpg\",\"datePublished\":\"2024-11-13T17:28:34+00:00\",\"dateModified\":\"2025-01-08T09:52:57+00:00\",\"description\":\"Te ofrecemos un trato especial y personalizado. Somos apasionados de la moda infantil, para ni\u00f1os y ni\u00f1as.\",\"breadcrumb\":{\"@id\":\"https:\/\/dumdumcee.com\/nosotros\/#breadcrumb\"},\"inLanguage\":\"en-GB\",\"potentialAction\":[{\"@type\":\"ReadAction\",\"target\":[\"https:\/\/dumdumcee.com\/nosotros\/\"]}]},{\"@type\":\"ImageObject\",\"inLanguage\":\"en-GB\",\"@id\":\"https:\/\/dumdumcee.com\/nosotros\/#primaryimage\",\"url\":\"https:\/\/dumdumcee.com\/wp-content\/uploads\/nosotros.jpg\",\"contentUrl\":\"https:\/\/dumdumcee.com\/wp-content\/uploads\/nosotros.jpg\",\"width\":2560,\"height\":1129,\"caption\":\"Nosotros\"},{\"@type\":\"BreadcrumbList\",\"@id\":\"https:\/\/dumdumcee.com\/nosotros\/#breadcrumb\",\"itemListElement\":[{\"@type\":\"ListItem\",\"position\":1,\"name\":\"Portada\",\"item\":\"https:\/\/dumdumcee.com\/\"},{\"@type\":\"ListItem\",\"position\":2,\"name\":\"Nosotros\"}]},{\"@type\":\"WebSite\",\"@id\":\"https:\/\/dumdumcee.com\/#website\",\"url\":\"https:\/\/dumdumcee.com\/\",\"name\":\"Dum Dum\",\"description\":\"Moda Infantil en Cee, A Coru\u00f1a\",\"publisher\":{\"@id\":\"https:\/\/dumdumcee.com\/#organization\"},\"alternateName\":\"Dum Dum\",\"potentialAction\":[{\"@type\":\"SearchAction\",\"target\":{\"@type\":\"EntryPoint\",\"urlTemplate\":\"https:\/\/dumdumcee.com\/?s={search_term_string}\"},\"query-input\":{\"@type\":\"PropertyValueSpecification\",\"valueRequired\":true,\"valueName\":\"search_term_string\"}}],\"inLanguage\":\"en-GB\"},{\"@type\":\"Organization\",\"@id\":\"https:\/\/dumdumcee.com\/#organization\",\"name\":\"Dum Dum Cee\",\"url\":\"https:\/\/dumdumcee.com\/\",\"logo\":{\"@type\":\"ImageObject\",\"inLanguage\":\"en-GB\",\"@id\":\"https:\/\/dumdumcee.com\/#\/schema\/logo\/image\/\",\"url\":\"https:\/\/dumdumcee.com\/wp-content\/uploads\/2024\/10\/logo.jpg\",\"contentUrl\":\"https:\/\/dumdumcee.com\/wp-content\/uploads\/2024\/10\/logo.jpg\",\"width\":640,\"height\":640,\"caption\":\"Dum Dum Cee\"},\"image\":{\"@id\":\"https:\/\/dumdumcee.com\/#\/schema\/logo\/image\/\"},\"sameAs\":[\"https:\/\/www.facebook.com\/p\/Dum-Dum-Mode-Infantil-100081081856409\/\",\"https:\/\/www.instagram.com\/dumdummoda\/\"]}]}<\/script>\n<!-- \/ Yoast SEO plugin. -->","yoast_head_json":{"title":"\u00bfQui\u00e9nes Somos? | Dum Dum | Tienda de Ropa Infantil en Cee, A Coru\u00f1a","description":"Te ofrecemos un trato especial y personalizado. Somos apasionados de la moda infantil, para ni\u00f1os y ni\u00f1as.","robots":{"index":"index","follow":"follow","max-snippet":"max-snippet:-1","max-image-preview":"max-image-preview:large","max-video-preview":"max-video-preview:-1"},"canonical":"https:\/\/dumdumcee.com\/en\/nosotros\/","og_locale":"en_GB","og_type":"article","og_title":"\u00bfQui\u00e9nes Somos? | Dum Dum | Tienda de Ropa Infantil en Cee, A Coru\u00f1a","og_description":"Te ofrecemos un trato especial y personalizado. Somos apasionados de la moda infantil, para ni\u00f1os y ni\u00f1as.","og_url":"https:\/\/dumdumcee.com\/en\/nosotros\/","og_site_name":"Dum Dum","article_publisher":"https:\/\/www.facebook.com\/p\/Dum-Dum-Mode-Infantil-100081081856409\/","article_modified_time":"2025-01-08T09:52:57+00:00","og_image":[{"width":1024,"height":452,"url":"https:\/\/dumdumcee.com\/wp-content\/uploads\/nosotros-1024x452.jpg","type":"image\/jpeg"}],"twitter_card":"summary_large_image","twitter_misc":{"Estimated reading time":"6 minutes"},"schema":{"@context":"https:\/\/schema.org","@graph":[{"@type":"WebPage","@id":"https:\/\/dumdumcee.com\/nosotros\/","url":"https:\/\/dumdumcee.com\/nosotros\/","name":"\u00bfQui\u00e9nes Somos? | Dum Dum | Tienda de Ropa Infantil en Cee, A Coru\u00f1a","isPartOf":{"@id":"https:\/\/dumdumcee.com\/#website"},"primaryImageOfPage":{"@id":"https:\/\/dumdumcee.com\/nosotros\/#primaryimage"},"image":{"@id":"https:\/\/dumdumcee.com\/nosotros\/#primaryimage"},"thumbnailUrl":"https:\/\/dumdumcee.com\/wp-content\/uploads\/nosotros.jpg","datePublished":"2024-11-13T17:28:34+00:00","dateModified":"2025-01-08T09:52:57+00:00","description":"Te ofrecemos un trato especial y personalizado. Somos apasionados de la moda infantil, para ni\u00f1os y ni\u00f1as.","breadcrumb":{"@id":"https:\/\/dumdumcee.com\/nosotros\/#breadcrumb"},"inLanguage":"en-GB","potentialAction":[{"@type":"ReadAction","target":["https:\/\/dumdumcee.com\/nosotros\/"]}]},{"@type":"ImageObject","inLanguage":"en-GB","@id":"https:\/\/dumdumcee.com\/nosotros\/#primaryimage","url":"https:\/\/dumdumcee.com\/wp-content\/uploads\/nosotros.jpg","contentUrl":"https:\/\/dumdumcee.com\/wp-content\/uploads\/nosotros.jpg","width":2560,"height":1129,"caption":"Nosotros"},{"@type":"BreadcrumbList","@id":"https:\/\/dumdumcee.com\/nosotros\/#breadcrumb","itemListElement":[{"@type":"ListItem","position":1,"name":"Portada","item":"https:\/\/dumdumcee.com\/"},{"@type":"ListItem","position":2,"name":"Nosotros"}]},{"@type":"WebSite","@id":"https:\/\/dumdumcee.com\/#website","url":"https:\/\/dumdumcee.com\/","name":"Dum Dum","description":"Moda Infantil en Cee, A Coru\u00f1a","publisher":{"@id":"https:\/\/dumdumcee.com\/#organization"},"alternateName":"Dum Dum","potentialAction":[{"@type":"SearchAction","target":{"@type":"EntryPoint","urlTemplate":"https:\/\/dumdumcee.com\/?s={search_term_string}"},"query-input":{"@type":"PropertyValueSpecification","valueRequired":true,"valueName":"search_term_string"}}],"inLanguage":"en-GB"},{"@type":"Organization","@id":"https:\/\/dumdumcee.com\/#organization","name":"Dum Dum Cee","url":"https:\/\/dumdumcee.com\/","logo":{"@type":"ImageObject","inLanguage":"en-GB","@id":"https:\/\/dumdumcee.com\/#\/schema\/logo\/image\/","url":"https:\/\/dumdumcee.com\/wp-content\/uploads\/2024\/10\/logo.jpg","contentUrl":"https:\/\/dumdumcee.com\/wp-content\/uploads\/2024\/10\/logo.jpg","width":640,"height":640,"caption":"Dum Dum Cee"},"image":{"@id":"https:\/\/dumdumcee.com\/#\/schema\/logo\/image\/"},"sameAs":["https:\/\/www.facebook.com\/p\/Dum-Dum-Mode-Infantil-100081081856409\/","https:\/\/www.instagram.com\/dumdummoda\/"]}]}},"_links":{"self":[{"href":"https:\/\/dumdumcee.com\/en\/wp-json\/wp\/v2\/pages\/412","targetHints":{"allow":["GET"]}}],"collection":[{"href":"https:\/\/dumdumcee.com\/en\/wp-json\/wp\/v2\/pages"}],"about":[{"href":"https:\/\/dumdumcee.com\/en\/wp-json\/wp\/v2\/types\/page"}],"author":[{"embeddable":true,"href":"https:\/\/dumdumcee.com\/en\/wp-json\/wp\/v2\/users\/1"}],"replies":[{"embeddable":true,"href":"https:\/\/dumdumcee.com\/en\/wp-json\/wp\/v2\/comments?post=412"}],"version-history":[{"count":11,"href":"https:\/\/dumdumcee.com\/en\/wp-json\/wp\/v2\/pages\/412\/revisions"}],"predecessor-version":[{"id":2696,"href":"https:\/\/dumdumcee.com\/en\/wp-json\/wp\/v2\/pages\/412\/revisions\/2696"}],"wp:featuredmedia":[{"embeddable":true,"href":"https:\/\/dumdumcee.com\/en\/wp-json\/wp\/v2\/media\/2651"}],"wp:attachment":[{"href":"https:\/\/dumdumcee.com\/en\/wp-json\/wp\/v2\/media?parent=412"}],"curies":[{"name":"wp","href":"https:\/\/api.w.org\/{rel}","templated":true}]}}